{"id":9,"date":"2024-06-01T18:58:01","date_gmt":"2024-06-01T18:58:01","guid":{"rendered":"https:\/\/ontomentor.com\/?page_id=9"},"modified":"2024-10-10T13:34:14","modified_gmt":"2024-10-10T13:34:14","slug":"blog","status":"publish","type":"page","link":"https:\/\/ontomentor.com\/index.php\/blog\/","title":{"rendered":"Hizmetlerimiz"},"content":{"rendered":"\n<ul class=\"wp-block-list\">\n<li>Kurumsal Ment\u00f6rl\u00fck\u00a0<\/li>\n\n\n\n<li>Finansal ve Mali i\u015fler Dan\u0131\u015fmanl\u0131k\u00a0<\/li>\n\n\n\n<li>Ba\u011f\u0131ms\u0131z Denetim<\/li>\n\n\n\n<li>Yat\u0131r\u0131m Te\u015fvik\u00a0<\/li>\n\n\n\n<li>SGK Te\u015fvik\u00a0<\/li>\n\n\n\n<li>Ar-Ge Merkez Yap\u0131lanmas\u0131\u00a0<\/li>\n\n\n\n<li>Tasar\u0131m Merkez Yap\u0131lanmas\u0131\u00a0<\/li>\n\n\n\n<li>Hibe &#8211; Fon Kredi<\/li>\n\n\n\n<li>Kalk\u0131nma Ajans\u0131\u00a0<\/li>\n\n\n\n<li>AB Projeleri\u00a0<\/li>\n\n\n\n<li>i\u015f birli\u011fi projeleri<\/li>\n\n\n\n<li>Ye\u015fil d\u00f6n\u00fc\u015f\u00fcm projeleri\u00a0<\/li>\n\n\n\n<li>Dijital d\u00f6n\u00fc\u015f\u00fcm projeleri\u00a0<\/li>\n\n\n\n<li>Fuar Destekleri\u00a0<\/li>\n\n\n\n<li>\u0130hracat &#8211; \u0130thalat Destekleri<\/li>\n\n\n\n<li>Bakanl\u0131k Destekleri\u00a0<\/li>\n\n\n\n<li>Firma Analizi &#8211; check up<\/li>\n\n\n\n<li>Fizibilite \u00c7al\u0131\u015fmalar\u0131\u00a0<\/li>\n\n\n\n<li>Yeni \u00dcr\u00fcn &#8211; Yan \u00dcr\u00fcn ke\u015ffi\u00a0<\/li>\n\n\n\n<li>Mevcut \u00dcr\u00fcn \u00d6m\u00fcr Tayini\u00a0<\/li>\n\n\n\n<li>Giri\u015fim dan\u0131\u015fmanl\u0131k -\u0219irket kurulum\u00a0<\/li>\n\n\n\n<li>Tasar\u0131m Odakl\u0131- Patent Odakl\u0131-Sistem Odakl\u0131 D\u00fc\u015f\u00fcnme Teknikleri E\u011fitimleri\u00a0<\/li>\n\n\n\n<li>Problem \u00c7\u00f6zme Teknikleri E\u011fitimleri\u00a0<\/li>\n\n\n\n<li>Proje Y\u00f6netimi E\u011fitimleri<\/li>\n<\/ul>\n","protected":false},"excerpt":{"rendered":"","protected":false},"author":1,"featured_media":0,"parent":0,"menu_order":0,"comment_status":"closed","ping_status":"closed","template":"","meta":{"footnotes":""},"class_list":["post-9","page","type-page","status-publish","hentry"],"_links":{"self":[{"href":"https:\/\/ontomentor.com\/index.php\/wp-json\/wp\/v2\/pages\/9","targetHints":{"allow":["GET"]}}],"collection":[{"href":"https:\/\/ontomentor.com\/index.php\/wp-json\/wp\/v2\/pages"}],"about":[{"href":"https:\/\/ontomentor.com\/index.php\/wp-json\/wp\/v2\/types\/page"}],"author":[{"embeddable":true,"href":"https:\/\/ontomentor.com\/index.php\/wp-json\/wp\/v2\/users\/1"}],"replies":[{"embeddable":true,"href":"https:\/\/ontomentor.com\/index.php\/wp-json\/wp\/v2\/comments?post=9"}],"version-history":[{"count":6,"href":"https:\/\/ontomentor.com\/index.php\/wp-json\/wp\/v2\/pages\/9\/revisions"}],"predecessor-version":[{"id":53,"href":"https:\/\/ontomentor.com\/index.php\/wp-json\/wp\/v2\/pages\/9\/revisions\/53"}],"wp:attachment":[{"href":"https:\/\/ontomentor.com\/index.php\/wp-json\/wp\/v2\/media?parent=9"}],"curies":[{"name":"wp","href":"https:\/\/api.w.org\/{rel}","templated":true}]}}